{"id":10,"date":"2018-06-06T14:53:08","date_gmt":"2018-06-06T14:53:08","guid":{"rendered":"http:\/\/ssaaes.org\/?page_id=10"},"modified":"2025-02-07T19:13:56","modified_gmt":"2025-02-07T19:13:56","slug":"governance","status":"publish","type":"page","link":"https:\/\/ssaaes.org\/fr\/governance\/","title":{"rendered":"Gouvernance"},"content":{"rendered":"<p><\/p>\n<h2 style=\"text-align: left;\"><span style=\"text-decoration: underline;\"><strong>Le conseil d&rsquo;administration 2023-2024<\/strong><\/span><\/h2>\n<p><strong><a href=\"https:\/\/rickyvarghese.org\">Ricky Varghese<\/a><\/strong>, Pr\u00e9sident\/ <a href=\"mailto:ricky.r.varghese@gmail.com\">ricky.r.varghese@gmail.com<\/a><br \/>\n<strong>TBA<\/strong>, Vice Pr\u00e9sident\/<br \/>\n<strong>Andi Schwartz<\/strong>, Tr\u00e9sorier\/ <a href=\"mailto:andi.j.schwartz@gmail.com\">andi.j.schwartz@gmail.com<\/a><br \/>\n<a href=\"http:\/\/www.suzannelenon.ca\/\"><strong>Suzanne Lenon<\/strong><\/a>, Secr\u00e9taire\/<a href=\"mailto:suzanne.lenon@uleth.ca\">suzanne.lenon@uleth.ca<\/a><br \/>\n<strong>Gary Lee Pelletier<\/strong>, Coordonnateur du programme\/<a href=\"mailto:garylee.pelletier@utoronto.ca\">garylee.pelletier@utoronto.ca<\/a><br \/>\n<strong>Rick Braatz,<\/strong> Coordonnateur des membres\/<a href=\"mailto:ricky.braatz@siu.edu\" target=\"_blank\" rel=\"noopener\">ricky.braatz@siu.edu<\/a><strong><br \/>\n<\/strong><strong>Pr\u00e9sident,<\/strong> Charg\u00e9e de communication\/<a href=\"mailto:sexualitystudiesassociation@gmail.com\">sexualitystudiesassociation@gmail.com<\/a><br \/>\n<strong>Natalie Kouri-Towe<\/strong> , Coordonnateur de Zone Locale\/ <a href=\"mailto:natalie.kouri-towe@concordia.ca\">natalie.kouri-towe@concordia.ca<\/a><\/p>\n<hr \/>\n<p>L&rsquo;A\u00c8S est une organisation \u00e0 but non lucratif enregistr\u00e9e au Canada. Les statuts de l&rsquo;association sont disponibles <a href=\"http:\/\/ssaaes.org\/wp-content\/uploads\/2022\/05\/SSA-By-Laws-ENG.pdf\">ici<\/a> (disponible en anglais seulement pour le moment). Tous les membres du conseil d&rsquo;administration sont \u00e9lus lors de l&rsquo;assembl\u00e9e g\u00e9n\u00e9rale annuelle et leur service \u00e0 l&rsquo;organisation n&rsquo;est pas r\u00e9mun\u00e9r\u00e9.<\/p>","protected":false},"excerpt":{"rendered":"<p>Le conseil d&rsquo;administration 2023-2024 Ricky Varghese, Pr\u00e9sident\/ ricky.r.varghese@gmail.com TBA, Vice Pr\u00e9sident\/ Andi Schwartz, Tr\u00e9sorier\/ andi.j.schwartz@gmail.com Suzanne Lenon, Secr\u00e9taire\/suzanne.lenon@uleth.ca Gary Lee Pelletier, Coordonnateur du programme\/garylee.pelletier@utoronto.ca Rick Braatz, Coordonnateur des membres\/ricky.braatz@siu.edu Pr\u00e9sident, &hellip; <a href=\"https:\/\/ssaaes.org\/fr\/governance\/\" class=\"read-more\">Continue reading <span class=\"meta-nav\">&rarr;<\/span><\/a><\/p>\n","protected":false},"author":1,"featured_media":0,"parent":0,"menu_order":2,"comment_status":"closed","ping_status":"closed","template":"","meta":{"jetpack_post_was_ever_published":false,"footnotes":""},"class_list":["post-10","page","type-page","status-publish","hentry"],"jetpack_sharing_enabled":true,"jetpack_shortlink":"https:\/\/wp.me\/Pa28Zf-a","_links":{"self":[{"href":"https:\/\/ssaaes.org\/fr\/wp-json\/wp\/v2\/pages\/10","targetHints":{"allow":["GET"]}}],"collection":[{"href":"https:\/\/ssaaes.org\/fr\/wp-json\/wp\/v2\/pages"}],"about":[{"href":"https:\/\/ssaaes.org\/fr\/wp-json\/wp\/v2\/types\/page"}],"author":[{"embeddable":true,"href":"https:\/\/ssaaes.org\/fr\/wp-json\/wp\/v2\/users\/1"}],"replies":[{"embeddable":true,"href":"https:\/\/ssaaes.org\/fr\/wp-json\/wp\/v2\/comments?post=10"}],"version-history":[{"count":40,"href":"https:\/\/ssaaes.org\/fr\/wp-json\/wp\/v2\/pages\/10\/revisions"}],"predecessor-version":[{"id":897,"href":"https:\/\/ssaaes.org\/fr\/wp-json\/wp\/v2\/pages\/10\/revisions\/897"}],"wp:attachment":[{"href":"https:\/\/ssaaes.org\/fr\/wp-json\/wp\/v2\/media?parent=10"}],"curies":[{"name":"wp","href":"https:\/\/api.w.org\/{rel}","templated":true}]}}