{"id":187,"date":"2019-06-24T00:48:33","date_gmt":"2019-06-24T00:48:33","guid":{"rendered":"http:\/\/ssaaes.org\/?page_id=187"},"modified":"2025-06-13T18:40:22","modified_gmt":"2025-06-13T18:40:22","slug":"the-thomas-waugh-emerging-scholar-award","status":"publish","type":"page","link":"https:\/\/ssaaes.org\/fr\/awards\/the-thomas-waugh-emerging-scholar-award\/","title":{"rendered":"Le prix Thomas Waugh pour un \u00e9rudit \u00e9mergent"},"content":{"rendered":"<p><div id=\"attachment_188\" style=\"width: 310px\" class=\"wp-caption alignright\"><img loading=\"lazy\" decoding=\"async\" aria-describedby=\"caption-attachment-188\" class=\"size-medium wp-image-188\" src=\"http:\/\/ssaaes.org\/wp-content\/uploads\/2019\/06\/twaugh-300x194.jpg\" alt=\"Thomas Waugh Headshot\" width=\"300\" height=\"194\" srcset=\"https:\/\/ssaaes.org\/wp-content\/uploads\/2019\/06\/twaugh-300x194.jpg 300w, https:\/\/ssaaes.org\/wp-content\/uploads\/2019\/06\/twaugh.jpg 310w\" sizes=\"auto, (max-width: 300px) 100vw, 300px\" \/><p id=\"caption-attachment-188\" class=\"wp-caption-text\"><span class=\"tlid-translation translation\" lang=\"fr\"><span class=\"\" title=\"\">En l&rsquo;honneur du Dr. Thomas Waugh (professeur \u00e9m\u00e9rite de l&rsquo;Universit\u00e9 Concordia) et de sa brillante carri\u00e8re de mentorat et de plaidoyer en faveur des chercheurs en \u00e9tudes de la sexualit\u00e9.<\/span><\/span><\/p><\/div><\/p>\n<p><strong>Admissibilit\u00e9<\/strong><\/p>\n<ul>\n<li>Les \u00e9tudiants de doctorat<\/li>\n<li>Stagiaire postdoctoral<\/li>\n<li>Nouveaux dipl\u00f4m\u00e9s d&rsquo;un programme de doctorat (moins que trois ans) titulaires d&rsquo;un poste universitaire non permanent<\/li>\n<\/ul>\n<p><strong>Prix<\/strong><\/p>\n<ul>\n<li>$500<\/li>\n<li>Inscription gratuite au congr\u00e8s et \u00e0 la conf\u00e9rence<\/li>\n<li>Votre lecture sera not\u00e9 dans le programme de la conf\u00e9rence que \u00ab Le prix Thomas Waugh pour un \u00e9rudit \u00e9mergent. \u00bb<\/li>\n<\/ul>\n<p><strong>Date limite<br \/>\n<\/strong><\/p>\n<ul>\n<li>Auto-nomination au moment de la soumission de la formulaire de soumission de congr\u00e8s en indiquant votre souhait d&rsquo;\u00eatre consid\u00e9r\u00e9 pour le prix.<\/li>\n<li>Date limite de soumission de communication individuelle compl\u00e9t\u00e9e (auteur unique): 30 avril 2024.<\/li>\n<\/ul>\n<p><strong>R\u00e9cipiendaires pr\u00e9c\u00e9dents<\/strong><\/p>\n<ul>\n<li>Melanie Fishbane, Universit\u00e9 Western, 2023<\/li>\n<li>Ian Liujia Tian, Universit\u00e9 de Toronto, 2022<\/li>\n<li>Chido Muchemwa, Universit\u00e9 de Toronto, 2021<\/li>\n<li>Dr. Emma McKenna, Universit\u00e9 d&rsquo;Ottawa, 2020<\/li>\n<\/ul>\n<p><\/p>","protected":false},"excerpt":{"rendered":"<p>Admissibilit\u00e9 Les \u00e9tudiants de doctorat Stagiaire postdoctoral Nouveaux dipl\u00f4m\u00e9s d&rsquo;un programme de doctorat (moins que trois ans) titulaires d&rsquo;un poste universitaire non permanent Prix $500 Inscription gratuite au congr\u00e8s et &hellip; <a href=\"https:\/\/ssaaes.org\/fr\/awards\/the-thomas-waugh-emerging-scholar-award\/\" class=\"read-more\">Continue reading <span class=\"meta-nav\">&rarr;<\/span><\/a><\/p>\n","protected":false},"author":1,"featured_media":0,"parent":182,"menu_order":0,"comment_status":"closed","ping_status":"closed","template":"","meta":{"jetpack_post_was_ever_published":false,"footnotes":""},"class_list":["post-187","page","type-page","status-publish","hentry"],"jetpack_sharing_enabled":true,"jetpack_shortlink":"https:\/\/wp.me\/Pa28Zf-31","_links":{"self":[{"href":"https:\/\/ssaaes.org\/fr\/wp-json\/wp\/v2\/pages\/187","targetHints":{"allow":["GET"]}}],"collection":[{"href":"https:\/\/ssaaes.org\/fr\/wp-json\/wp\/v2\/pages"}],"about":[{"href":"https:\/\/ssaaes.org\/fr\/wp-json\/wp\/v2\/types\/page"}],"author":[{"embeddable":true,"href":"https:\/\/ssaaes.org\/fr\/wp-json\/wp\/v2\/users\/1"}],"replies":[{"embeddable":true,"href":"https:\/\/ssaaes.org\/fr\/wp-json\/wp\/v2\/comments?post=187"}],"version-history":[{"count":20,"href":"https:\/\/ssaaes.org\/fr\/wp-json\/wp\/v2\/pages\/187\/revisions"}],"predecessor-version":[{"id":926,"href":"https:\/\/ssaaes.org\/fr\/wp-json\/wp\/v2\/pages\/187\/revisions\/926"}],"up":[{"embeddable":true,"href":"https:\/\/ssaaes.org\/fr\/wp-json\/wp\/v2\/pages\/182"}],"wp:attachment":[{"href":"https:\/\/ssaaes.org\/fr\/wp-json\/wp\/v2\/media?parent=187"}],"curies":[{"name":"wp","href":"https:\/\/api.w.org\/{rel}","templated":true}]}}