{"id":25,"date":"2018-06-06T15:02:43","date_gmt":"2018-06-06T15:02:43","guid":{"rendered":"http:\/\/ssaaes.org\/?page_id=25"},"modified":"2025-03-26T17:23:31","modified_gmt":"2025-03-26T17:23:31","slug":"membership","status":"publish","type":"page","link":"https:\/\/ssaaes.org\/fr\/membership\/","title":{"rendered":"Adh\u00e9sion"},"content":{"rendered":"<p>Adh\u00e9sion :septembre \u00e0 ao\u00fbt. Veuillez renouveler votre adh\u00e9sion \u00e0 l&rsquo;A\u00c9S chaque septembre. Les cotisations permettent \u00e0 l&rsquo;A\u00c9S de grandir et d\u2019appuyer les recherches en \u00e9tudes de la sexualit\u00e9.<\/p>\n<p><em>L\u2019adh\u00e9sion est requise si vous voulez pr\u00e9senter \u00e0 la conf\u00e9rence annuelle.<\/em><\/p>\n<p>Pour devenir membre de l&rsquo;A\u00c9S, veuillez suivre les deux \u00e9tapes suivantes :<\/p>\n<p><strong>\u00c9tape 1 \u2013 Renseignements personnels :<\/strong><\/p>\n<p>Veuillez suivre <a href=\"https:\/\/goo.gl\/forms\/8m49hx6Oc2mY8izQ2\">ce lien<\/a> pour inscrire les d\u00e9tails de votre adh\u00e9sion dans le formulaire Google.<\/p>\n<p><strong>\u00c9tape 2 \u2013 Paiement:<\/strong><\/p>\n<p>Cotisations annuelles (dollars canadiens) :<\/p>\n<blockquote>\n<ul>\n<li>Cotisation individuelle : 50 $<\/li>\n<li>Cotisation pour les membres \u00e9tudiants, postdoctorants, \u00e0 faible revenu ou non r\u00e9mun\u00e9r\u00e9s : 30 $<\/li>\n<li>Cotisation de membre bienfaiteur : 250 $<\/li>\n<li>Cotisation institutionnelle : 500 $\n<ul>\n<li><em>Inclus : Un membre \u00e9tudiant, l&rsquo;acc\u00e8s de vos \u00e9tudiants des cycles sup\u00e9rieurs au <a href=\"#mentorship\">programme de mentorat \u00e9tudiant<\/a> de l&rsquo;A\u00c9S, et mettant en \u00e9vidence votre soutien institutionnel sur le site Web de l&rsquo;A\u00c9S.<\/em><\/li>\n<\/ul>\n<\/li>\n<li>Cotisation institutionnelle : 1000 $\n<ul>\n<li><em>Inclus : Trois membres \u00e9tudiants, l&rsquo;acc\u00e8s de vos \u00e9tudiants des cycles sup\u00e9rieurs au <a href=\"#mentorship\">programme de mentorat \u00e9tudiant<\/a> de l&rsquo;A\u00c9S, et mettant en \u00e9vidence votre soutien institutionnel sur le site Web de l&rsquo;A\u00c9S.<\/em><\/li>\n<\/ul>\n<\/li>\n<\/ul>\n<\/blockquote>\n<p>Vous pouvez payer la cotisation par virement Interac \u00e0 l\u2019association sexualitystudiesassociation&lt;@&gt;gmail&lt;.&gt;com ou <a href=\"https:\/\/www.paypal.com\/paypalme\/sexualitystudies\">paypal<\/a> ou par cheque \u00e0 Sexuality Studies Association \u00e0:<\/p>\n<p>Sexuality Studies Association<\/p>\n<p>c\/o Andi Schwartz<\/p>\n<p>3055 Mulroney Hall<\/p>\n<p>2333 Notre Dame Avenue<\/p>\n<p>St. Francis Xavier University<\/p>\n<p>Antigonish, NS<\/p>\n<p>B2G 2W5<\/p>\n<div class=\"arconix-box arconix-box-lblue\"><div class=\"arconix-box-content\">\n<h3 id=\"mentorship\"><strong>Programme de mentorat<\/strong><\/h3>\n<p align=\"justify\">Le programme de mentorat de l\u2019AES associe des \u00e9tudiants des cycles sup\u00e9rieurs int\u00e9ress\u00e9s \u00e0 avoir un mentor en dehors de leur \u00e9tablissement d\u2019origine dont la recherche et les int\u00e9r\u00eats cr\u00e9atifs correspondent aux leurs. En facilitant les liens personnels et professionnels entre des g\u00e9n\u00e9rations d\u2019universitaires, d\u2019artistes et de militants, le programme de mentorat joue un r\u00f4le important dans l\u2019\u00e9tablissement de liens interinstitutionnels et en soutenant la recherche sur le sexe, la sexualit\u00e9 et le genre, y compris les intersections avec la race, la diaspora, l\u2019indig\u00e9n\u00e9it\u00e9 et colonialisme. En particulier, nous envisageons le programme de mentorat comme un travail visant \u00e0 r\u00e9soudre les probl\u00e8mes professionnels et personnels que nos membres peuvent rencontrer, tels que les difficult\u00e9s de travailler dans plusieurs domaines et les d\u00e9fis que le milieu universitaire peut pr\u00e9senter pour les universitaires issus des minorit\u00e9s. Le programme de mentorat est ouvert \u00e0 tous les membres \u00e9tudiants dipl\u00f4m\u00e9s ou aux \u00e9tudiants dipl\u00f4m\u00e9s dont l\u2019\u00e9tablissement d\u2019origine est membre institutionnel.<\/p>\n<\/div><\/div><\/p>","protected":false},"excerpt":{"rendered":"<p>Adh\u00e9sion :septembre \u00e0 ao\u00fbt. Veuillez renouveler votre adh\u00e9sion \u00e0 l&rsquo;A\u00c9S chaque septembre. Les cotisations permettent \u00e0 l&rsquo;A\u00c9S de grandir et d\u2019appuyer les recherches en \u00e9tudes de la sexualit\u00e9. L\u2019adh\u00e9sion est &hellip; <a href=\"https:\/\/ssaaes.org\/fr\/membership\/\" class=\"read-more\">Continue reading <span class=\"meta-nav\">&rarr;<\/span><\/a><\/p>\n","protected":false},"author":1,"featured_media":0,"parent":0,"menu_order":5,"comment_status":"closed","ping_status":"closed","template":"","meta":{"jetpack_post_was_ever_published":false,"footnotes":""},"class_list":["post-25","page","type-page","status-publish","hentry"],"jetpack_sharing_enabled":false,"jetpack_shortlink":"https:\/\/wp.me\/Pa28Zf-p","_links":{"self":[{"href":"https:\/\/ssaaes.org\/fr\/wp-json\/wp\/v2\/pages\/25","targetHints":{"allow":["GET"]}}],"collection":[{"href":"https:\/\/ssaaes.org\/fr\/wp-json\/wp\/v2\/pages"}],"about":[{"href":"https:\/\/ssaaes.org\/fr\/wp-json\/wp\/v2\/types\/page"}],"author":[{"embeddable":true,"href":"https:\/\/ssaaes.org\/fr\/wp-json\/wp\/v2\/users\/1"}],"replies":[{"embeddable":true,"href":"https:\/\/ssaaes.org\/fr\/wp-json\/wp\/v2\/comments?post=25"}],"version-history":[{"count":26,"href":"https:\/\/ssaaes.org\/fr\/wp-json\/wp\/v2\/pages\/25\/revisions"}],"predecessor-version":[{"id":900,"href":"https:\/\/ssaaes.org\/fr\/wp-json\/wp\/v2\/pages\/25\/revisions\/900"}],"wp:attachment":[{"href":"https:\/\/ssaaes.org\/fr\/wp-json\/wp\/v2\/media?parent=25"}],"curies":[{"name":"wp","href":"https:\/\/api.w.org\/{rel}","templated":true}]}}