{"id":82,"date":"2018-06-29T20:40:43","date_gmt":"2018-06-29T20:40:43","guid":{"rendered":"http:\/\/ssaaes.org\/?page_id=82"},"modified":"2021-11-03T17:28:45","modified_gmt":"2021-11-03T17:28:45","slug":"contact","status":"publish","type":"page","link":"https:\/\/ssaaes.org\/fr\/contact\/","title":{"rendered":"Contactez Nous"},"content":{"rendered":"<p><strong>Demandes g\u00e9n\u00e9rales:<\/strong> sexualitystudiesassociation&lt;at&gt;gmail&lt;dot&gt;com<\/p>\n<p><strong>La liste de diffusion \/ Twitter \/ Facebook<br \/>\n<\/strong>L&rsquo;A\u00c9S maintient une liste de diffusion \u00e0 faible volume qui distribue exclusivement les actualit\u00e9s officielles de l&rsquo;A\u00c9S. Cela inclut principalement la communication sur notre conf\u00e9rence annuelle. Pour rejoindre notre liste de diffusion, <a href=\"http:\/\/eepurl.com\/hMuLVD\" target=\"_blank\" rel=\"noopener\">inscrivez-vous ici<\/a>.<\/p>\n<p>Vous pouvez nous suivre sur <a href=\"https:\/\/twitter.com\/SSA_Studies\" target=\"_blank\" rel=\"noopener\"><strong>Twitter<\/strong><\/a>\u00a0ou participer aux discussions de notre groupe\u00a0<strong><a href=\"https:\/\/www.facebook.com\/groups\/326332267405045\/\" target=\"_blank\" rel=\"noopener\">Facebook<\/a>.<\/strong> Le fil Twitter et le groupe Facebook de l&rsquo;A\u00c9S accueillent les discussions sur des questions relevant des \u00e9tudes et du militantisme sur la sexualit\u00e9, dans le sens large, et encouragent la participation de membres travaillant \u00e0 l\u2019int\u00e9rieur comme \u00e0 l\u2019ext\u00e9rieur du milieu universitaire. C\u2019est \u00e9galement l\u2019endroit o\u00f9 afficher des appels de communications, des annonces d\u2019\u00e9v\u00e9nements locaux ou nationaux d\u2019int\u00e9r\u00eat pour les membres de la liste et des demandes de programmes, des recommandations de lecture, etc. Nous n\u2019avons comme limite que nos imaginations et nos \u00e9nergies!<\/p>","protected":false},"excerpt":{"rendered":"<p>Demandes g\u00e9n\u00e9rales: sexualitystudiesassociation&lt;at&gt;gmail&lt;dot&gt;com La liste de diffusion \/ Twitter \/ Facebook L&rsquo;A\u00c9S maintient une liste de diffusion \u00e0 faible volume qui distribue exclusivement les actualit\u00e9s officielles de l&rsquo;A\u00c9S. Cela inclut &hellip; <a href=\"https:\/\/ssaaes.org\/fr\/contact\/\" class=\"read-more\">Continue reading <span class=\"meta-nav\">&rarr;<\/span><\/a><\/p>\n","protected":false},"author":1,"featured_media":0,"parent":0,"menu_order":7,"comment_status":"closed","ping_status":"closed","template":"","meta":{"jetpack_post_was_ever_published":false,"footnotes":""},"class_list":["post-82","page","type-page","status-publish","hentry"],"jetpack_sharing_enabled":true,"jetpack_shortlink":"https:\/\/wp.me\/Pa28Zf-1k","_links":{"self":[{"href":"https:\/\/ssaaes.org\/fr\/wp-json\/wp\/v2\/pages\/82","targetHints":{"allow":["GET"]}}],"collection":[{"href":"https:\/\/ssaaes.org\/fr\/wp-json\/wp\/v2\/pages"}],"about":[{"href":"https:\/\/ssaaes.org\/fr\/wp-json\/wp\/v2\/types\/page"}],"author":[{"embeddable":true,"href":"https:\/\/ssaaes.org\/fr\/wp-json\/wp\/v2\/users\/1"}],"replies":[{"embeddable":true,"href":"https:\/\/ssaaes.org\/fr\/wp-json\/wp\/v2\/comments?post=82"}],"version-history":[{"count":5,"href":"https:\/\/ssaaes.org\/fr\/wp-json\/wp\/v2\/pages\/82\/revisions"}],"predecessor-version":[{"id":560,"href":"https:\/\/ssaaes.org\/fr\/wp-json\/wp\/v2\/pages\/82\/revisions\/560"}],"wp:attachment":[{"href":"https:\/\/ssaaes.org\/fr\/wp-json\/wp\/v2\/media?parent=82"}],"curies":[{"name":"wp","href":"https:\/\/api.w.org\/{rel}","templated":true}]}}